{"id":10,"date":"2023-04-07T00:32:12","date_gmt":"2023-04-06T12:32:12","guid":{"rendered":"https:\/\/www.deerpower.com\/?page_id=10"},"modified":"2023-04-10T12:09:43","modified_gmt":"2023-04-10T00:09:43","slug":"terms-and-conditions","status":"publish","type":"page","link":"https:\/\/www.deerpower.com\/fi\/kayttoehdot\/","title":{"rendered":"K\u00e4ytt\u00f6ehdot"},"content":{"rendered":"<div data-elementor-type=\"wp-page\" data-elementor-id=\"10\" class=\"elementor elementor-10\">\n\t\t\t\t\t\t<section class=\"elementor-section elementor-top-section elementor-element elementor-element-5f21bef5 elementor-section-boxed elementor-section-height-default elementor-section-height-default\" data-id=\"5f21bef5\" data-element_type=\"section\" data-e-type=\"section\">\n\t\t\t\t\t\t<div class=\"elementor-container elementor-column-gap-default\">\n\t\t\t\t\t<div class=\"elementor-column elementor-col-100 elementor-top-column elementor-element elementor-element-65ff618b\" data-id=\"65ff618b\" data-element_type=\"column\" data-e-type=\"column\">\n\t\t\t<div class=\"elementor-widget-wrap elementor-element-populated\">\n\t\t\t\t\t\t<div class=\"elementor-element elementor-element-2b32963e elementor-widget elementor-widget-text-editor\" data-id=\"2b32963e\" data-element_type=\"widget\" data-e-type=\"widget\" data-widget_type=\"text-editor.default\">\n\t\t\t\t<div class=\"elementor-widget-container\">\n\t\t\t\t\t\t\t\t\t<h2>Toimitus ulkomaille:<\/h2>\n<p>*Tilauksesi toimitetaan 5-25 ty\u00f6p\u00e4iv\u00e4n kuluessa maan vy\u00f6hykkeest\u00e4 riippuen. Toimitus suurten kaupunkien ulkopuolelle tai sinne, miss\u00e4 tilauksesi on verollinen tai tullissa, voi kest\u00e4\u00e4 kauemmin. Lis\u00e4ksi, jos tuotteen saatavuudessa on viivett\u00e4, otamme sinuun yhteytt\u00e4 s\u00e4hk\u00f6postitse. T\u00e4m\u00e4 voi tapahtua tuotantoajojen v\u00e4lill\u00e4. *Huomaa, ett\u00e4 kun tilaat meilt\u00e4, sinua pidet\u00e4\u00e4n pyydettyjen tuotteiden maahantuojana ja sinulta voidaan veloittaa tuontitulleja ja veroja, jotka perit\u00e4\u00e4n, kun tilauksesi saapuu maahan. Emme ota vastuuta tilaamiesi tavaroiden tuontitulleista ja veroista. *Tullit ja tuontim\u00e4\u00e4r\u00e4ykset vaihtelevat suuresti maiden v\u00e4lill\u00e4. T\u00e4m\u00e4n sivuston kautta myymiemme tuotteiden tuonti tiettyihin maihin saattaa olla kielletty\u00e4. Suosittelemme ottamaan tarvittaessa yhteytt\u00e4 paikalliseen tullitoimistoon lis\u00e4tietojen saamiseksi. *On t\u00e4ysin sinun vastuullasi varmistaa, ett\u00e4 tilaamasi tavarat eiv\u00e4t ole kiellettyj\u00e4\/rajoitettuja maassasi ja ett\u00e4 tullim\u00e4\u00e4r\u00e4ykset ovat hyv\u00e4ksytt\u00e4vi\u00e4. Emme ota vastuuta mink\u00e4\u00e4n tavaroiden palautuksesta\/vaihtamisesta tai mist\u00e4\u00e4n kustannuksista, jotka liittyv\u00e4t tai johtuvat tavaroiden maahantuontiin tai takavarikointiin maasi tullitoimiston tai muun valtion elimen toimesta. *Emme ole vastuussa tullitoimista johtuvista viiv\u00e4styksist\u00e4 emmek\u00e4 hyvit\u00e4, jos tulli on takavarikoinut paketteja tai jos tavaroiden selvitt\u00e4misest\u00e4 aiheutuu maksuja.<\/p>\n<p>\u00a0<\/p>\n<h2>Palautusk\u00e4yt\u00e4nt\u00f6:<\/h2>\n<p>*Voit palauttaa mink\u00e4 tahansa tuotteen 5 p\u00e4iv\u00e4n kuluessa vastaanottamisesta saadaksesi t\u00e4yden hyvityksen tai hyvityksen alkuper\u00e4isest\u00e4 maksusta. Palauttaakseen tuotteen tulee olla avaamaton ja alkuper\u00e4ispakkauksessa (myyd\u00e4\u00e4n kunnossa). Lis\u00e4ksi vaaditaan kuitti tai ostokuitti. Olet vastuussa palautuksen toimitus-\/postikulujen maksamisesta. Toimituskuluja ei palauteta. Kun tuotteet on vastaanotettu takaisin DEER POWER Oy:lle ja tarkastettu, k\u00e4sittelemme palautuksesi. *Vaihdamme tuotteet vain, jos ne ovat viallisia tai vaurioituneet. Jos sinun on vaihdettava ne samoihin tuotteisiin, ota meihin yhteytt\u00e4 3 p\u00e4iv\u00e4n kuluessa niiden vastaanottamisesta ja palauta vahingoittuneet tuotteet meille. Vaihdamme tai hyvit\u00e4mme vahingoittuneet tuotteet ja hyvit\u00e4mme palautuskulut, kun olemme saaneet tuotteet takaisin.<\/p>\n<p>\u00a0<\/p>\n<h2>Tietosuojak\u00e4yt\u00e4nt\u00f6:<\/h2>\n<p>* Ker\u00e4\u00e4mme sinulta tietoja, kun teet tilauksen. Kun tilaat tai rekister\u00f6idyt sivustollamme, sinua pyydet\u00e4\u00e4n antamaan nimesi, s\u00e4hk\u00f6postiosoitteesi, toimitusosoitteesi, puhelinnumerosi ja luottokorttitietosi. *Otamme k\u00e4ytt\u00f6\u00f6n erilaisia turvatoimenpiteit\u00e4 henkil\u00f6tietojesi turvallisuuden yll\u00e4pit\u00e4miseksi tilausta tehdess\u00e4si. Tarjoamme suojatun palvelimen k\u00e4ytt\u00f6\u00e4. Kaikki toimitetut arkaluontoiset\/luottotiedot v\u00e4litet\u00e4\u00e4n Secure Socket Layer (SSL) -tekniikan kautta ja salataan sitten maksuyhdysk\u00e4yt\u00e4v\u00e4n tarjoajien tietokantaan, jotta ne p\u00e4\u00e4sev\u00e4t k\u00e4siksi vain henkil\u00f6ille, joilla on erityiset k\u00e4ytt\u00f6oikeudet t\u00e4llaisiin j\u00e4rjestelmiin, ja heid\u00e4n on pidett\u00e4v\u00e4 tiedot luottamuksellisina. Tapahtuman j\u00e4lkeen henkil\u00f6kohtaisia tietojasi (luottokortit, sosiaaliturvatunnukset, taloustiedot jne.) ei tallenneta palvelimillemme. *Kaikki sinulta ker\u00e4\u00e4mi\u00e4mme tietoja voidaan k\u00e4ytt\u00e4\u00e4 l\u00e4hett\u00e4m\u00e4\u00e4n meilt\u00e4 s\u00e4\u00e4nn\u00f6llisi\u00e4 s\u00e4hk\u00f6posti- tai postiviestej\u00e4. Antamaasi s\u00e4hk\u00f6postiosoitetta voidaan k\u00e4ytt\u00e4\u00e4 tietojen l\u00e4hett\u00e4miseen, tiedusteluihin vastaamiseen ja\/tai muihin pyynt\u00f6ihin tai kysymyksiin. * Emme myy, vaihda tai muutoin siirr\u00e4 ulkopuolisille henkil\u00f6kohtaisia tunnistetietojasi. T\u00e4m\u00e4 ei sis\u00e4ll\u00e4 luotettuja kolmansia osapuolia, jotka auttavat meit\u00e4 toimimaan verkkosivustollamme, harjoittamaan liiketoimintaamme tai palvelemaan sinua, kunhan n\u00e4m\u00e4 osapuolet suostuvat pit\u00e4m\u00e4\u00e4n n\u00e4m\u00e4 tiedot luottamuksellisina. Saatamme my\u00f6s luovuttaa tietosi, kun uskomme, ett\u00e4 julkaiseminen on asianmukaista noudattaa lakia, valvoa sivustomme k\u00e4yt\u00e4nt\u00f6j\u00e4 tai suojella omia tai muiden oikeuksia, omaisuutta tai turvallisuutta. *K\u00e4ytt\u00e4m\u00e4ll\u00e4 sivustoamme hyv\u00e4ksyt verkkosivustomme tietosuojak\u00e4yt\u00e4nn\u00f6n.<\/p>\n<p>\u00a0<\/p>\t\t\t\t\t\t\t\t<\/div>\n\t\t\t\t<\/div>\n\t\t\t\t\t<\/div>\n\t\t<\/div>\n\t\t\t\t\t<\/div>\n\t\t<\/section>\n\t\t\t\t<\/div>","protected":false},"excerpt":{"rendered":"<p>Overseas Delivery: *Your orders will be delivered within 5 \u2013 25 working days depending on the zone of the country. Delivery to areas outside major cities, or where your order is dutiable or held in Customs, may take longer. Also, If we have a delay in product availability we will contact you by e-mail. This [&hellip;]<\/p>","protected":false},"author":1,"featured_media":0,"parent":0,"menu_order":0,"comment_status":"closed","ping_status":"closed","template":"","meta":{"_acf_changed":false,"_mi_skip_tracking":false,"footnotes":""},"class_list":["post-10","page","type-page","status-publish","hentry"],"acf":[],"_links":{"self":[{"href":"https:\/\/www.deerpower.com\/fi\/wp-json\/wp\/v2\/pages\/10","targetHints":{"allow":["GET"]}}],"collection":[{"href":"https:\/\/www.deerpower.com\/fi\/wp-json\/wp\/v2\/pages"}],"about":[{"href":"https:\/\/www.deerpower.com\/fi\/wp-json\/wp\/v2\/types\/page"}],"author":[{"embeddable":true,"href":"https:\/\/www.deerpower.com\/fi\/wp-json\/wp\/v2\/users\/1"}],"replies":[{"embeddable":true,"href":"https:\/\/www.deerpower.com\/fi\/wp-json\/wp\/v2\/comments?post=10"}],"version-history":[{"count":0,"href":"https:\/\/www.deerpower.com\/fi\/wp-json\/wp\/v2\/pages\/10\/revisions"}],"wp:attachment":[{"href":"https:\/\/www.deerpower.com\/fi\/wp-json\/wp\/v2\/media?parent=10"}],"curies":[{"name":"wp","href":"https:\/\/api.w.org\/{rel}","templated":true}]}}