{"id":7185,"date":"2023-04-07T03:24:25","date_gmt":"2023-04-07T03:24:25","guid":{"rendered":"https:\/\/www.deerpower.com\/?post_type=product&#038;p=7185"},"modified":"2025-08-20T08:49:09","modified_gmt":"2025-08-19T20:49:09","slug":"musselpower-power-mussel-new-zealands-purest-green-lipped-mussel-200caps","status":"publish","type":"product","link":"https:\/\/www.deerpower.com\/es\/producto\/musselpower-power-mussel-new-zealands-purest-green-lipped-mussel-200caps\/","title":{"rendered":"MusselPower\u00ae Power Mussel El mejill\u00f3n de labios verdes m\u00e1s puro de Nueva Zelanda 200 C\u00e1psulas"},"content":{"rendered":"<div data-elementor-type=\"wp-post\" data-elementor-id=\"7185\" class=\"elementor elementor-7185\">\n\t\t\t\t\t\t<section class=\"elementor-section elementor-top-section elementor-element elementor-element-1553400 elementor-section-boxed elementor-section-height-default elementor-section-height-default\" data-id=\"1553400\" data-element_type=\"section\" data-e-type=\"section\">\n\t\t\t\t\t\t<div class=\"elementor-container elementor-column-gap-default\">\n\t\t\t\t\t<div class=\"elementor-column elementor-col-100 elementor-top-column elementor-element elementor-element-7a516e3\" data-id=\"7a516e3\" data-element_type=\"column\" data-e-type=\"column\">\n\t\t\t<div class=\"elementor-widget-wrap elementor-element-populated\">\n\t\t\t\t\t\t<div class=\"elementor-element elementor-element-10cbfda elementor-widget elementor-widget-spacer\" data-id=\"10cbfda\" data-element_type=\"widget\" data-e-type=\"widget\" data-widget_type=\"spacer.default\">\n\t\t\t\t<div class=\"elementor-widget-container\">\n\t\t\t\t\t\t\t<div class=\"elementor-spacer\">\n\t\t\t<div class=\"elementor-spacer-inner\"><\/div>\n\t\t<\/div>\n\t\t\t\t\t\t<\/div>\n\t\t\t\t<\/div>\n\t\t\t\t\t<\/div>\n\t\t<\/div>\n\t\t\t\t\t<\/div>\n\t\t<\/section>\n\t\t\t\t<section class=\"elementor-section elementor-top-section elementor-element elementor-element-d2d8759 elementor-section-boxed elementor-section-height-default elementor-section-height-default\" data-id=\"d2d8759\" data-element_type=\"section\" data-e-type=\"section\">\n\t\t\t\t\t\t<div class=\"elementor-container elementor-column-gap-default\">\n\t\t\t\t\t<div class=\"elementor-column elementor-col-100 elementor-top-column elementor-element elementor-element-603c363\" data-id=\"603c363\" data-element_type=\"column\" data-e-type=\"column\">\n\t\t\t<div class=\"elementor-widget-wrap elementor-element-populated\">\n\t\t\t\t\t\t<div class=\"elementor-element elementor-element-3e7544e elementor-widget elementor-widget-video\" data-id=\"3e7544e\" data-element_type=\"widget\" data-e-type=\"widget\" data-settings=\"{&quot;video_type&quot;:&quot;hosted&quot;,&quot;show_image_overlay&quot;:&quot;yes&quot;,&quot;image_overlay&quot;:{&quot;url&quot;:&quot;https:\\\/\\\/www.deerpower.com\\\/wp-content\\\/uploads\\\/2023\\\/04\\\/Musselpower_News2.jpg&quot;,&quot;id&quot;:7520,&quot;size&quot;:&quot;&quot;,&quot;alt&quot;:&quot;Musselpower News&quot;,&quot;source&quot;:&quot;library&quot;},&quot;controls&quot;:&quot;yes&quot;}\" data-widget_type=\"video.default\">\n\t\t\t\t<div class=\"elementor-widget-container\">\n\t\t\t\t\t\t\t<div class=\"e-hosted-video elementor-wrapper elementor-open-inline\">\n\t\t\t\t\t<video class=\"elementor-video\" src=\"https:\/\/www.mediafire.com\/file_premium\/y9fmm34sn3l22ny\/Musselpower_News.mp4\" controls=\"\" preload=\"auto\" poster=\"https:\/\/www.deerpower.com\/wp-content\/uploads\/2023\/04\/Musselpower_News2.jpg\"><\/video>\n\t\t\t\t\t\t<div class=\"elementor-custom-embed-image-overlay\" style=\"background-image: url(https:\/\/www.deerpower.com\/wp-content\/uploads\/2023\/04\/Musselpower_News2.jpg);\">\n\t\t\t\t\t\t\t\t\t\t\t\t\t\t\t\t<div class=\"elementor-custom-embed-play\" role=\"button\" aria-label=\"Toista video aiheesta Musselpower News\" tabindex=\"0\" data-no-translation-aria-label=\"\">\n\t\t\t\t\t\t\t<i aria-hidden=\"true\" class=\"eicon-play\"><\/i>\t\t\t\t\t\t<\/div>\n\t\t\t\t\t\t\t\t\t<\/div>\n\t\t\t\t\t<\/div>\n\t\t\t\t\t\t<\/div>\n\t\t\t\t<\/div>\n\t\t\t\t\t<\/div>\n\t\t<\/div>\n\t\t\t\t\t<\/div>\n\t\t<\/section>\n\t\t\t\t<section class=\"elementor-section elementor-top-section elementor-element elementor-element-8e7d4b2 elementor-section-boxed elementor-section-height-default elementor-section-height-default\" data-id=\"8e7d4b2\" data-element_type=\"section\" data-e-type=\"section\">\n\t\t\t\t\t\t<div class=\"elementor-container elementor-column-gap-default\">\n\t\t\t\t\t<div class=\"elementor-column elementor-col-100 elementor-top-column elementor-element elementor-element-0b3caf5\" data-id=\"0b3caf5\" data-element_type=\"column\" data-e-type=\"column\">\n\t\t\t<div class=\"elementor-widget-wrap\">\n\t\t\t\t\t\t\t<\/div>\n\t\t<\/div>\n\t\t\t\t\t<\/div>\n\t\t<\/section>\n\t\t\t\t<section class=\"elementor-section elementor-top-section elementor-element elementor-element-0f8bf55 elementor-section-boxed elementor-section-height-default elementor-section-height-default\" data-id=\"0f8bf55\" data-element_type=\"section\" data-e-type=\"section\">\n\t\t\t\t\t\t<div class=\"elementor-container elementor-column-gap-default\">\n\t\t\t\t\t<div class=\"elementor-column elementor-col-100 elementor-top-column elementor-element elementor-element-379e860\" data-id=\"379e860\" data-element_type=\"column\" data-e-type=\"column\">\n\t\t\t<div class=\"elementor-widget-wrap elementor-element-populated\">\n\t\t\t\t\t\t<div class=\"elementor-element elementor-element-bba270f elementor-widget elementor-widget-text-editor\" data-id=\"bba270f\" data-element_type=\"widget\" data-e-type=\"widget\" data-widget_type=\"text-editor.default\">\n\t\t\t\t<div class=\"elementor-widget-container\">\n\t\t\t\t\t\t\t\t\t<p>Presentamos Musselpower: el \u00faltimo suplemento natural para la salud de las articulaciones hecho de mejillones de labios verdes provenientes de las aguas cristalinas de Nueva Zelanda. Con 100 c\u00e1psulas de 500 mg cada una, esta f\u00f3rmula de alta potencia es justo lo que sus articulaciones necesitan para mantenerse sanas y sin dolor. Diga adi\u00f3s a los efectos secundarios de los medicamentos para la artritis y d\u00e9 la bienvenida al alivio natural del dolor con Musselpower. No solo apoya la reparaci\u00f3n del cart\u00edlago y la movilidad de las articulaciones, sino que tambi\u00e9n aumenta significativamente la movilidad de las articulaciones y reduce los niveles de dolor. Es la opci\u00f3n perfecta para cualquier persona que busque apoyar su tejido conectivo y la funci\u00f3n articular. Lo que hace que Musselpower sea realmente especial es que es 100% de origen puro de Nueva Zelanda. Esto significa que est\u00e1 obteniendo el producto de mejill\u00f3n de labios verdes de la m\u00e1s alta calidad que est\u00e1 repleto de nutrientes esenciales y antioxidantes que su cuerpo le agradecer\u00e1. No esperes m\u00e1s para darle a tus articulaciones el apoyo que necesitan. \u00a1Pruebe Musselpower hoy y experimente los beneficios de la salud articular pura y natural en cada c\u00e1psula!<\/p>\t\t\t\t\t\t\t\t<\/div>\n\t\t\t\t<\/div>\n\t\t\t\t\t<\/div>\n\t\t<\/div>\n\t\t\t\t\t<\/div>\n\t\t<\/section>\n\t\t\t\t<\/div>","protected":false},"excerpt":{"rendered":"<p>Mussel Power\u00ae New Zealand Green Lipped Mussel 500mg Maximum Strength 200caps (2 Bottles containing 100 Capsules each = 200 Capsules with this order! High potency Natural joint health Supports cartilage repair and joint mobility 100% New Zealand pure source Natural pain relief without the side effects of arthritic drugs. Significantly increases joint mobility and reduces pain levels. Supports connective tissue and joint function.<\/p>","protected":false},"featured_media":7183,"comment_status":"closed","ping_status":"closed","template":"","meta":{"_acf_changed":false,"_mi_skip_tracking":false},"product_brand":[],"product_cat":[51,52,53],"product_tag":[],"class_list":{"0":"post-7185","1":"product","2":"type-product","3":"status-publish","4":"has-post-thumbnail","6":"product_cat-joint-health","7":"product_cat-green-lipped-mussel","8":"product_cat-joint-care-combo","10":"first","11":"outofstock","12":"sale","13":"shipping-taxable","14":"purchasable","15":"product-type-bundle"},"bundled_by":[],"bundle_stock_status":"outofstock","bundle_stock_quantity":0,"bundle_virtual":false,"bundle_layout":"tabular","bundle_add_to_cart_form_location":"default","bundle_editable_in_cart":false,"bundle_sold_individually_context":"product","bundle_item_grouping":"parent","bundle_min_size":"","bundle_max_size":"","bundled_items":[{"bundled_item_id":5,"product_id":7178,"menu_order":0,"quantity_min":1,"quantity_max":1,"quantity_default":1,"priced_individually":false,"shipped_individually":false,"override_title":false,"title":"Green Lipped Mussel PowerMussel\u00ae","override_description":false,"description":"","optional":false,"hide_thumbnail":false,"discount":"","override_variations":false,"allowed_variations":[],"override_default_variation_attributes":false,"default_variation_attributes":[],"single_product_visibility":"visible","cart_visibility":"visible","order_visibility":"visible","single_product_price_visibility":"visible","cart_price_visibility":"visible","order_price_visibility":"visible","stock_status":"out_of_stock"},{"bundled_item_id":6,"product_id":7178,"menu_order":1,"quantity_min":1,"quantity_max":1,"quantity_default":1,"priced_individually":false,"shipped_individually":false,"override_title":false,"title":"Green Lipped Mussel PowerMussel\u00ae","override_description":false,"description":"","optional":false,"hide_thumbnail":false,"discount":"","override_variations":false,"allowed_variations":[],"override_default_variation_attributes":false,"default_variation_attributes":[],"single_product_visibility":"visible","cart_visibility":"visible","order_visibility":"visible","single_product_price_visibility":"visible","cart_price_visibility":"visible","order_price_visibility":"visible","stock_status":"out_of_stock"}],"bundle_sell_ids":[],"tiered_pricing_type":"fixed","tiered_pricing_fixed_rules":{"2":"2"},"tiered_pricing_percentage_rules":[],"tiered_pricing_minimum":1,"_administrator_tiered_pricing_type":"fixed","_administrator_tiered_pricing_fixed_rules":[],"_editor_tiered_pricing_type":"fixed","_editor_tiered_pricing_fixed_rules":[],"_author_tiered_pricing_type":"fixed","_author_tiered_pricing_fixed_rules":[],"_contributor_tiered_pricing_type":"fixed","_contributor_tiered_pricing_fixed_rules":[],"_subscriber_tiered_pricing_type":"fixed","_subscriber_tiered_pricing_fixed_rules":[],"_customer_tiered_pricing_type":"fixed","_customer_tiered_pricing_fixed_rules":[],"_shop_manager_tiered_pricing_type":"fixed","_shop_manager_tiered_pricing_fixed_rules":[],"_yith_affiliate_tiered_pricing_type":"fixed","_yith_affiliate_tiered_pricing_fixed_rules":[],"_pending_user_tiered_pricing_type":"fixed","_pending_user_tiered_pricing_fixed_rules":[],"_translator_tiered_pricing_type":"fixed","_translator_tiered_pricing_fixed_rules":[],"_suspended_tiered_pricing_type":"fixed","_suspended_tiered_pricing_fixed_rules":[],"acf":[],"_links":{"self":[{"href":"https:\/\/www.deerpower.com\/es\/wp-json\/wp\/v2\/product\/7185","targetHints":{"allow":["GET"]}}],"collection":[{"href":"https:\/\/www.deerpower.com\/es\/wp-json\/wp\/v2\/product"}],"about":[{"href":"https:\/\/www.deerpower.com\/es\/wp-json\/wp\/v2\/types\/product"}],"replies":[{"embeddable":true,"href":"https:\/\/www.deerpower.com\/es\/wp-json\/wp\/v2\/comments?post=7185"}],"version-history":[{"count":1,"href":"https:\/\/www.deerpower.com\/es\/wp-json\/wp\/v2\/product\/7185\/revisions"}],"predecessor-version":[{"id":10903,"href":"https:\/\/www.deerpower.com\/es\/wp-json\/wp\/v2\/product\/7185\/revisions\/10903"}],"wp:featuredmedia":[{"embeddable":true,"href":"https:\/\/www.deerpower.com\/es\/wp-json\/wp\/v2\/media\/7183"}],"wp:attachment":[{"href":"https:\/\/www.deerpower.com\/es\/wp-json\/wp\/v2\/media?parent=7185"}],"wp:term":[{"taxonomy":"product_brand","embeddable":true,"href":"https:\/\/www.deerpower.com\/es\/wp-json\/wp\/v2\/product_brand?post=7185"},{"taxonomy":"product_cat","embeddable":true,"href":"https:\/\/www.deerpower.com\/es\/wp-json\/wp\/v2\/product_cat?post=7185"},{"taxonomy":"product_tag","embeddable":true,"href":"https:\/\/www.deerpower.com\/es\/wp-json\/wp\/v2\/product_tag?post=7185"}],"curies":[{"name":"wp","href":"https:\/\/api.w.org\/{rel}","templated":true}]}}